{"id":12184,"date":"2025-01-23T10:53:11","date_gmt":"2025-01-23T10:53:11","guid":{"rendered":"https:\/\/b2bdesign.de\/?page_id=12184"},"modified":"2025-01-23T15:33:06","modified_gmt":"2025-01-23T15:33:06","slug":"teamapp-willkommen","status":"publish","type":"page","link":"https:\/\/b2bdesign.de\/en\/teamapp-willkommen\/","title":{"rendered":"Teamapp &#8211; Willkommen"},"content":{"rendered":"<div data-elementor-type=\"wp-post\" data-elementor-id=\"12184\" class=\"elementor elementor-12184\" data-elementor-post-type=\"page\">\n\t\t\t\t<div class=\"elementor-element elementor-element-32d6155 e-flex e-con-boxed wpr-particle-no wpr-jarallax-no wpr-parallax-no wpr-equal-height-no e-con e-parent\" data-id=\"32d6155\" data-element_type=\"container\" data-e-type=\"container\">\n\t\t\t\t\t<div class=\"e-con-inner\">\n\t\t<div class=\"elementor-element elementor-element-5f6630f e-con-full e-flex wpr-particle-no wpr-jarallax-no wpr-parallax-no wpr-equal-height-no e-con e-child\" data-id=\"5f6630f\" data-element_type=\"container\" data-e-type=\"container\">\n\t\t<div class=\"elementor-element elementor-element-8073836 e-flex e-con-boxed wpr-particle-no wpr-jarallax-no wpr-parallax-no wpr-equal-height-no e-con e-child\" data-id=\"8073836\" data-element_type=\"container\" data-e-type=\"container\">\n\t\t\t\t\t<div class=\"e-con-inner\">\n\t\t\t\t<div class=\"elementor-element elementor-element-fe0ca30 elementor-widget elementor-widget-spacer\" data-id=\"fe0ca30\" data-element_type=\"widget\" data-e-type=\"widget\" data-widget_type=\"spacer.default\">\n\t\t\t\t<div class=\"elementor-widget-container\">\n\t\t\t\t\t\t\t<div class=\"elementor-spacer\">\n\t\t\t<div class=\"elementor-spacer-inner\"><\/div>\n\t\t<\/div>\n\t\t\t\t\t\t<\/div>\n\t\t\t\t<\/div>\n\t\t\t\t<div class=\"elementor-element elementor-element-ffcaf0c elementor-invisible elementor-widget elementor-widget-heading\" data-id=\"ffcaf0c\" data-element_type=\"widget\" data-e-type=\"widget\" data-settings=\"{&quot;_animation&quot;:&quot;fadeInUp&quot;}\" data-widget_type=\"heading.default\">\n\t\t\t\t<div class=\"elementor-widget-container\">\n\t\t\t\t\t<h1 class=\"elementor-heading-title elementor-size-default\">Sch\u00f6n dass Du da bist<\/h1>\t\t\t\t<\/div>\n\t\t\t\t<\/div>\n\t\t\t\t<div class=\"elementor-element elementor-element-9e84d78 elementor-widget__width-inherit elementor-invisible elementor-widget elementor-widget-text-editor\" data-id=\"9e84d78\" data-element_type=\"widget\" data-e-type=\"widget\" data-settings=\"{&quot;_animation&quot;:&quot;fadeInUp&quot;}\" data-widget_type=\"text-editor.default\">\n\t\t\t\t<div class=\"elementor-widget-container\">\n\t\t\t\t\t\t\t\t\t<p>Hier findest Du alle Neuigkeiten und in Deinem Bereich alle Deine Dokumente<\/p><p>behalte deine zugangsdaten geheim blablablub<\/p>\t\t\t\t\t\t\t\t<\/div>\n\t\t\t\t<\/div>\n\t\t\t\t<div class=\"elementor-element elementor-element-c864d39 elementor-widget elementor-widget-spacer\" data-id=\"c864d39\" data-element_type=\"widget\" data-e-type=\"widget\" data-widget_type=\"spacer.default\">\n\t\t\t\t<div class=\"elementor-widget-container\">\n\t\t\t\t\t\t\t<div class=\"elementor-spacer\">\n\t\t\t<div class=\"elementor-spacer-inner\"><\/div>\n\t\t<\/div>\n\t\t\t\t\t\t<\/div>\n\t\t\t\t<\/div>\n\t\t\t\t\t<\/div>\n\t\t\t\t<\/div>\n\t\t\t\t<\/div>\n\t\t\t\t\t<\/div>\n\t\t\t\t<\/div>\n\t\t<div class=\"elementor-element elementor-element-e60f8f9 e-flex e-con-boxed wpr-particle-no wpr-jarallax-no wpr-parallax-no wpr-equal-height-no e-con e-parent\" data-id=\"e60f8f9\" data-element_type=\"container\" data-e-type=\"container\" data-settings=\"{&quot;background_background&quot;:&quot;classic&quot;}\">\n\t\t\t\t\t<div class=\"e-con-inner\">\n\t\t<div class=\"elementor-element elementor-element-189bb39 e-con-full e-flex wpr-particle-no wpr-jarallax-no wpr-parallax-no wpr-equal-height-no e-con e-child\" data-id=\"189bb39\" data-element_type=\"container\" data-e-type=\"container\">\n\t\t<div class=\"elementor-element elementor-element-031fc27 e-flex e-con-boxed wpr-particle-no wpr-jarallax-no wpr-parallax-no wpr-equal-height-no e-con e-child\" data-id=\"031fc27\" data-element_type=\"container\" data-e-type=\"container\">\n\t\t\t\t\t<div class=\"e-con-inner\">\n\t\t\t\t<div class=\"elementor-element elementor-element-bcb52ea elementor-widget elementor-widget-spacer\" data-id=\"bcb52ea\" data-element_type=\"widget\" data-e-type=\"widget\" data-widget_type=\"spacer.default\">\n\t\t\t\t<div class=\"elementor-widget-container\">\n\t\t\t\t\t\t\t<div class=\"elementor-spacer\">\n\t\t\t<div class=\"elementor-spacer-inner\"><\/div>\n\t\t<\/div>\n\t\t\t\t\t\t<\/div>\n\t\t\t\t<\/div>\n\t\t\t\t<div class=\"elementor-element elementor-element-75e63e8 elementor-invisible elementor-widget elementor-widget-heading\" data-id=\"75e63e8\" data-element_type=\"widget\" data-e-type=\"widget\" data-settings=\"{&quot;_animation&quot;:&quot;fadeInUp&quot;}\" data-widget_type=\"heading.default\">\n\t\t\t\t<div class=\"elementor-widget-container\">\n\t\t\t\t\t<h1 class=\"elementor-heading-title elementor-size-default\">News<\/h1>\t\t\t\t<\/div>\n\t\t\t\t<\/div>\n\t\t\t\t<div class=\"elementor-element elementor-element-431633c elementor-widget__width-inherit elementor-invisible elementor-widget elementor-widget-text-editor\" data-id=\"431633c\" data-element_type=\"widget\" data-e-type=\"widget\" data-settings=\"{&quot;_animation&quot;:&quot;fadeInUp&quot;}\" data-widget_type=\"text-editor.default\">\n\t\t\t\t<div class=\"elementor-widget-container\">\n\t\t\t\t\t\t\t\t\t<p>Wir freuen uns \u00fcber unser neues Teammitglied xyz<\/p><p>Wir f\u00fchren Verm\u00f6genswirksame Leistungen ein<\/p><p>Bald hat der Chef Geburtstag, mal schauen wer aufgepasst hat was er gerne mag<\/p>\t\t\t\t\t\t\t\t<\/div>\n\t\t\t\t<\/div>\n\t\t\t\t<div class=\"elementor-element elementor-element-b1149e3 elementor-widget elementor-widget-spacer\" data-id=\"b1149e3\" data-element_type=\"widget\" data-e-type=\"widget\" data-widget_type=\"spacer.default\">\n\t\t\t\t<div class=\"elementor-widget-container\">\n\t\t\t\t\t\t\t<div class=\"elementor-spacer\">\n\t\t\t<div class=\"elementor-spacer-inner\"><\/div>\n\t\t<\/div>\n\t\t\t\t\t\t<\/div>\n\t\t\t\t<\/div>\n\t\t\t\t\t<\/div>\n\t\t\t\t<\/div>\n\t\t\t\t<\/div>\n\t\t\t\t\t<\/div>\n\t\t\t\t<\/div>\n\t\t<div class=\"elementor-element elementor-element-33f300d e-flex e-con-boxed wpr-particle-no wpr-jarallax-no wpr-parallax-no wpr-equal-height-no e-con e-parent\" data-id=\"33f300d\" data-element_type=\"container\" data-e-type=\"container\">\n\t\t\t\t\t<div class=\"e-con-inner\">\n\t\t<div class=\"elementor-element elementor-element-d4f4661 e-con-full e-flex wpr-particle-no wpr-jarallax-no wpr-parallax-no wpr-equal-height-no e-con e-child\" data-id=\"d4f4661\" data-element_type=\"container\" data-e-type=\"container\">\n\t\t<div class=\"elementor-element elementor-element-ef3b054 e-flex e-con-boxed wpr-particle-no wpr-jarallax-no wpr-parallax-no wpr-equal-height-no e-con e-child\" data-id=\"ef3b054\" data-element_type=\"container\" data-e-type=\"container\">\n\t\t\t\t\t<div class=\"e-con-inner\">\n\t\t\t\t<div class=\"elementor-element elementor-element-a734354 elementor-widget elementor-widget-spacer\" data-id=\"a734354\" data-element_type=\"widget\" data-e-type=\"widget\" data-widget_type=\"spacer.default\">\n\t\t\t\t<div class=\"elementor-widget-container\">\n\t\t\t\t\t\t\t<div class=\"elementor-spacer\">\n\t\t\t<div class=\"elementor-spacer-inner\"><\/div>\n\t\t<\/div>\n\t\t\t\t\t\t<\/div>\n\t\t\t\t<\/div>\n\t\t\t\t<div class=\"elementor-element elementor-element-173a8fb elementor-invisible elementor-widget elementor-widget-heading\" data-id=\"173a8fb\" data-element_type=\"widget\" data-e-type=\"widget\" data-settings=\"{&quot;_animation&quot;:&quot;fadeInUp&quot;}\" data-widget_type=\"heading.default\">\n\t\t\t\t<div class=\"elementor-widget-container\">\n\t\t\t\t\t<h1 class=\"elementor-heading-title elementor-size-default\">PAGE Abo+<\/h1>\t\t\t\t<\/div>\n\t\t\t\t<\/div>\n\t\t\t\t<div class=\"elementor-element elementor-element-d04d8ba elementor-widget__width-inherit elementor-invisible elementor-widget elementor-widget-text-editor\" data-id=\"d04d8ba\" data-element_type=\"widget\" data-e-type=\"widget\" data-settings=\"{&quot;_animation&quot;:&quot;fadeInUp&quot;}\" data-widget_type=\"text-editor.default\">\n\t\t\t\t<div class=\"elementor-widget-container\">\n\t\t\t\t\t\t\t\t\t<p>Das Fachmagazin f\u00fcr Designer und Entwickler<\/p>\t\t\t\t\t\t\t\t<\/div>\n\t\t\t\t<\/div>\n\t\t\t\t<div class=\"elementor-element elementor-element-ac201d4 elementor-widget elementor-widget-button\" data-id=\"ac201d4\" data-element_type=\"widget\" data-e-type=\"widget\" data-widget_type=\"button.default\">\n\t\t\t\t<div class=\"elementor-widget-container\">\n\t\t\t\t\t\t\t\t\t<div class=\"elementor-button-wrapper\">\n\t\t\t\t\t<a class=\"elementor-button elementor-button-link elementor-size-sm\" href=\"#\">\n\t\t\t\t\t\t<span class=\"elementor-button-content-wrapper\">\n\t\t\t\t\t\t\t\t\t<span class=\"elementor-button-text\">PAGES Ausgaben<\/span>\n\t\t\t\t\t<\/span>\n\t\t\t\t\t<\/a>\n\t\t\t\t<\/div>\n\t\t\t\t\t\t\t\t<\/div>\n\t\t\t\t<\/div>\n\t\t\t\t<div class=\"elementor-element elementor-element-ada61dc elementor-widget elementor-widget-spacer\" data-id=\"ada61dc\" data-element_type=\"widget\" data-e-type=\"widget\" data-widget_type=\"spacer.default\">\n\t\t\t\t<div class=\"elementor-widget-container\">\n\t\t\t\t\t\t\t<div class=\"elementor-spacer\">\n\t\t\t<div class=\"elementor-spacer-inner\"><\/div>\n\t\t<\/div>\n\t\t\t\t\t\t<\/div>\n\t\t\t\t<\/div>\n\t\t\t\t\t<\/div>\n\t\t\t\t<\/div>\n\t\t\t\t<\/div>\n\t\t\t\t\t<\/div>\n\t\t\t\t<\/div>\n\t\t<div class=\"elementor-element elementor-element-98b0362 e-flex e-con-boxed wpr-particle-no wpr-jarallax-no wpr-parallax-no wpr-equal-height-no e-con e-parent\" data-id=\"98b0362\" data-element_type=\"container\" data-e-type=\"container\" data-settings=\"{&quot;background_background&quot;:&quot;classic&quot;}\">\n\t\t\t\t\t<div class=\"e-con-inner\">\n\t\t<div class=\"elementor-element elementor-element-7d95178 e-con-full e-flex wpr-particle-no wpr-jarallax-no wpr-parallax-no wpr-equal-height-no e-con e-child\" data-id=\"7d95178\" data-element_type=\"container\" data-e-type=\"container\">\n\t\t<div class=\"elementor-element elementor-element-70b7d93 e-flex e-con-boxed wpr-particle-no wpr-jarallax-no wpr-parallax-no wpr-equal-height-no e-con e-child\" data-id=\"70b7d93\" data-element_type=\"container\" data-e-type=\"container\">\n\t\t\t\t\t<div class=\"e-con-inner\">\n\t\t\t\t<div class=\"elementor-element elementor-element-b18463d elementor-widget elementor-widget-spacer\" data-id=\"b18463d\" data-element_type=\"widget\" data-e-type=\"widget\" data-widget_type=\"spacer.default\">\n\t\t\t\t<div class=\"elementor-widget-container\">\n\t\t\t\t\t\t\t<div class=\"elementor-spacer\">\n\t\t\t<div class=\"elementor-spacer-inner\"><\/div>\n\t\t<\/div>\n\t\t\t\t\t\t<\/div>\n\t\t\t\t<\/div>\n\t\t\t\t<div class=\"elementor-element elementor-element-1cf131f elementor-invisible elementor-widget elementor-widget-heading\" data-id=\"1cf131f\" data-element_type=\"widget\" data-e-type=\"widget\" data-settings=\"{&quot;_animation&quot;:&quot;fadeInUp&quot;}\" data-widget_type=\"heading.default\">\n\t\t\t\t<div class=\"elementor-widget-container\">\n\t\t\t\t\t<h1 class=\"elementor-heading-title elementor-size-default\">Unsere Werte<\/h1>\t\t\t\t<\/div>\n\t\t\t\t<\/div>\n\t\t\t\t<div class=\"elementor-element elementor-element-93d56ba elementor-widget__width-inherit elementor-invisible elementor-widget elementor-widget-text-editor\" data-id=\"93d56ba\" data-element_type=\"widget\" data-e-type=\"widget\" data-settings=\"{&quot;_animation&quot;:&quot;fadeInUp&quot;}\" data-widget_type=\"text-editor.default\">\n\t\t\t\t<div class=\"elementor-widget-container\">\n\t\t\t\t\t\t\t\t\t<p>sdfghjkl<\/p>\t\t\t\t\t\t\t\t<\/div>\n\t\t\t\t<\/div>\n\t\t\t\t<div class=\"elementor-element elementor-element-5c81574 elementor-widget elementor-widget-spacer\" data-id=\"5c81574\" data-element_type=\"widget\" data-e-type=\"widget\" data-widget_type=\"spacer.default\">\n\t\t\t\t<div class=\"elementor-widget-container\">\n\t\t\t\t\t\t\t<div class=\"elementor-spacer\">\n\t\t\t<div class=\"elementor-spacer-inner\"><\/div>\n\t\t<\/div>\n\t\t\t\t\t\t<\/div>\n\t\t\t\t<\/div>\n\t\t\t\t\t<\/div>\n\t\t\t\t<\/div>\n\t\t\t\t<\/div>\n\t\t\t\t\t<\/div>\n\t\t\t\t<\/div>\n\t\t\t\t<\/div>","protected":false},"excerpt":{"rendered":"<p>Sch\u00f6n dass Du da bist Hier findest Du alle Neuigkeiten und in Deinem Bereich alle Deine Dokumente behalte deine zugangsdaten geheim blablablub News Wir freuen uns \u00fcber unser neues Teammitglied xyz Wir f\u00fchren Verm\u00f6genswirksame Leistungen ein Bald hat der Chef Geburtstag, mal schauen wer aufgepasst hat was er gerne mag PAGE Abo+ Das Fachmagazin f\u00fcr Designer und Entwickler PAGES Ausgaben Unsere Werte sdfghjkl<\/p>","protected":false},"author":3,"featured_media":174,"parent":0,"menu_order":0,"comment_status":"closed","ping_status":"closed","template":"","meta":{"content-type":"","footnotes":""},"class_list":["post-12184","page","type-page","status-publish","has-post-thumbnail","hentry"],"yoast_head":"<!-- This site is optimized with the Yoast SEO plugin v27.4 - https:\/\/yoast.com\/product\/yoast-seo-wordpress\/ -->\n<title>Teamapp - Willkommen - b2b design Werbe- und Marketing Agentur<\/title>\n<meta name=\"robots\" content=\"noindex, nofollow\" \/>\n<meta property=\"og:locale\" content=\"en_GB\" \/>\n<meta property=\"og:type\" content=\"article\" \/>\n<meta property=\"og:title\" content=\"Teamapp - Willkommen - b2b design Werbe- und Marketing Agentur\" \/>\n<meta property=\"og:description\" content=\"Sch\u00f6n dass Du da bist Hier findest Du alle Neuigkeiten und in Deinem Bereich alle Deine Dokumente behalte deine zugangsdaten geheim blablablub News Wir freuen uns \u00fcber unser neues Teammitglied xyz Wir f\u00fchren Verm\u00f6genswirksame Leistungen ein Bald hat der Chef Geburtstag, mal schauen wer aufgepasst hat was er gerne mag PAGE Abo+ Das Fachmagazin f\u00fcr Designer und Entwickler PAGES Ausgaben Unsere Werte sdfghjkl\" \/>\n<meta property=\"og:url\" content=\"https:\/\/b2bdesign.de\/en\/teamapp-willkommen\/\" \/>\n<meta property=\"og:site_name\" content=\"b2b design Werbe- und Marketing Agentur\" \/>\n<meta property=\"article:modified_time\" content=\"2025-01-23T15:33:06+00:00\" \/>\n<meta property=\"og:image\" content=\"https:\/\/b2bdesign.de\/wp-content\/uploads\/2023\/10\/gruppe-3.jpg\" \/>\n\t<meta property=\"og:image:width\" content=\"1000\" \/>\n\t<meta property=\"og:image:height\" content=\"1500\" \/>\n\t<meta property=\"og:image:type\" content=\"image\/jpeg\" \/>\n<meta name=\"twitter:card\" content=\"summary_large_image\" \/>\n<meta name=\"twitter:label1\" content=\"Estimated reading time\" \/>\n\t<meta name=\"twitter:data1\" content=\"1 minute\" \/>\n<script type=\"application\/ld+json\" class=\"yoast-schema-graph\">{\"@context\":\"https:\\\/\\\/schema.org\",\"@graph\":[{\"@type\":\"WebPage\",\"@id\":\"https:\\\/\\\/b2bdesign.de\\\/teamapp-willkommen\\\/\",\"url\":\"https:\\\/\\\/b2bdesign.de\\\/teamapp-willkommen\\\/\",\"name\":\"Teamapp - Willkommen - b2b design Werbe- und Marketing Agentur\",\"isPartOf\":{\"@id\":\"https:\\\/\\\/b2bdesign.de\\\/#website\"},\"primaryImageOfPage\":{\"@id\":\"https:\\\/\\\/b2bdesign.de\\\/teamapp-willkommen\\\/#primaryimage\"},\"image\":{\"@id\":\"https:\\\/\\\/b2bdesign.de\\\/teamapp-willkommen\\\/#primaryimage\"},\"thumbnailUrl\":\"https:\\\/\\\/b2bdesign.de\\\/wp-content\\\/uploads\\\/2023\\\/10\\\/gruppe-3.jpg\",\"datePublished\":\"2025-01-23T10:53:11+00:00\",\"dateModified\":\"2025-01-23T15:33:06+00:00\",\"breadcrumb\":{\"@id\":\"https:\\\/\\\/b2bdesign.de\\\/teamapp-willkommen\\\/#breadcrumb\"},\"inLanguage\":\"en-GB\",\"potentialAction\":[{\"@type\":\"ReadAction\",\"target\":[\"https:\\\/\\\/b2bdesign.de\\\/teamapp-willkommen\\\/\"]}]},{\"@type\":\"ImageObject\",\"inLanguage\":\"en-GB\",\"@id\":\"https:\\\/\\\/b2bdesign.de\\\/teamapp-willkommen\\\/#primaryimage\",\"url\":\"https:\\\/\\\/b2bdesign.de\\\/wp-content\\\/uploads\\\/2023\\\/10\\\/gruppe-3.jpg\",\"contentUrl\":\"https:\\\/\\\/b2bdesign.de\\\/wp-content\\\/uploads\\\/2023\\\/10\\\/gruppe-3.jpg\",\"width\":1000,\"height\":1500,\"caption\":\"Teambild b2b design in W\u00fcrzburg\"},{\"@type\":\"BreadcrumbList\",\"@id\":\"https:\\\/\\\/b2bdesign.de\\\/teamapp-willkommen\\\/#breadcrumb\",\"itemListElement\":[{\"@type\":\"ListItem\",\"position\":1,\"name\":\"Startseite\",\"item\":\"https:\\\/\\\/b2bdesign.de\\\/\"},{\"@type\":\"ListItem\",\"position\":2,\"name\":\"Teamapp &#8211; Willkommen\"}]},{\"@type\":\"WebSite\",\"@id\":\"https:\\\/\\\/b2bdesign.de\\\/#website\",\"url\":\"https:\\\/\\\/b2bdesign.de\\\/\",\"name\":\"b2b design Werbe- und Marketing Agentur\",\"description\":\"\",\"publisher\":{\"@id\":\"https:\\\/\\\/b2bdesign.de\\\/#organization\"},\"potentialAction\":[{\"@type\":\"SearchAction\",\"target\":{\"@type\":\"EntryPoint\",\"urlTemplate\":\"https:\\\/\\\/b2bdesign.de\\\/?s={search_term_string}\"},\"query-input\":{\"@type\":\"PropertyValueSpecification\",\"valueRequired\":true,\"valueName\":\"search_term_string\"}}],\"inLanguage\":\"en-GB\"},{\"@type\":\"Organization\",\"@id\":\"https:\\\/\\\/b2bdesign.de\\\/#organization\",\"name\":\"b2b design e.K.\",\"url\":\"https:\\\/\\\/b2bdesign.de\\\/\",\"logo\":{\"@type\":\"ImageObject\",\"inLanguage\":\"en-GB\",\"@id\":\"https:\\\/\\\/b2bdesign.de\\\/#\\\/schema\\\/logo\\\/image\\\/\",\"url\":\"https:\\\/\\\/b2bdesign.de\\\/wp-content\\\/uploads\\\/2023\\\/10\\\/b2b-design-logo-webseite-1.svg\",\"contentUrl\":\"https:\\\/\\\/b2bdesign.de\\\/wp-content\\\/uploads\\\/2023\\\/10\\\/b2b-design-logo-webseite-1.svg\",\"width\":100,\"height\":350,\"caption\":\"b2b design e.K.\"},\"image\":{\"@id\":\"https:\\\/\\\/b2bdesign.de\\\/#\\\/schema\\\/logo\\\/image\\\/\"},\"sameAs\":[\"https:\\\/\\\/www.linkedin.com\\\/company\\\/b2b-design\",\"https:\\\/\\\/www.instagram.com\\\/b2bdesign2017\\\/\",\"https:\\\/\\\/www.youtube.com\\\/channel\\\/UCOyMQ8GywgDAvFhodpaJk7Q\"]}]}<\/script>\n<!-- \/ Yoast SEO plugin. -->","yoast_head_json":{"title":"Teamapp - Willkommen - b2b design Werbe- und Marketing Agentur","robots":{"index":"noindex","follow":"nofollow"},"og_locale":"en_GB","og_type":"article","og_title":"Teamapp - Willkommen - b2b design Werbe- und Marketing Agentur","og_description":"Sch\u00f6n dass Du da bist Hier findest Du alle Neuigkeiten und in Deinem Bereich alle Deine Dokumente behalte deine zugangsdaten geheim blablablub News Wir freuen uns \u00fcber unser neues Teammitglied xyz Wir f\u00fchren Verm\u00f6genswirksame Leistungen ein Bald hat der Chef Geburtstag, mal schauen wer aufgepasst hat was er gerne mag PAGE Abo+ Das Fachmagazin f\u00fcr Designer und Entwickler PAGES Ausgaben Unsere Werte sdfghjkl","og_url":"https:\/\/b2bdesign.de\/en\/teamapp-willkommen\/","og_site_name":"b2b design Werbe- und Marketing Agentur","article_modified_time":"2025-01-23T15:33:06+00:00","og_image":[{"width":1000,"height":1500,"url":"https:\/\/b2bdesign.de\/wp-content\/uploads\/2023\/10\/gruppe-3.jpg","type":"image\/jpeg"}],"twitter_card":"summary_large_image","twitter_misc":{"Estimated reading time":"1 minute"},"schema":{"@context":"https:\/\/schema.org","@graph":[{"@type":"WebPage","@id":"https:\/\/b2bdesign.de\/teamapp-willkommen\/","url":"https:\/\/b2bdesign.de\/teamapp-willkommen\/","name":"Teamapp - Willkommen - b2b design Werbe- und Marketing Agentur","isPartOf":{"@id":"https:\/\/b2bdesign.de\/#website"},"primaryImageOfPage":{"@id":"https:\/\/b2bdesign.de\/teamapp-willkommen\/#primaryimage"},"image":{"@id":"https:\/\/b2bdesign.de\/teamapp-willkommen\/#primaryimage"},"thumbnailUrl":"https:\/\/b2bdesign.de\/wp-content\/uploads\/2023\/10\/gruppe-3.jpg","datePublished":"2025-01-23T10:53:11+00:00","dateModified":"2025-01-23T15:33:06+00:00","breadcrumb":{"@id":"https:\/\/b2bdesign.de\/teamapp-willkommen\/#breadcrumb"},"inLanguage":"en-GB","potentialAction":[{"@type":"ReadAction","target":["https:\/\/b2bdesign.de\/teamapp-willkommen\/"]}]},{"@type":"ImageObject","inLanguage":"en-GB","@id":"https:\/\/b2bdesign.de\/teamapp-willkommen\/#primaryimage","url":"https:\/\/b2bdesign.de\/wp-content\/uploads\/2023\/10\/gruppe-3.jpg","contentUrl":"https:\/\/b2bdesign.de\/wp-content\/uploads\/2023\/10\/gruppe-3.jpg","width":1000,"height":1500,"caption":"Teambild b2b design in W\u00fcrzburg"},{"@type":"BreadcrumbList","@id":"https:\/\/b2bdesign.de\/teamapp-willkommen\/#breadcrumb","itemListElement":[{"@type":"ListItem","position":1,"name":"Startseite","item":"https:\/\/b2bdesign.de\/"},{"@type":"ListItem","position":2,"name":"Teamapp &#8211; Willkommen"}]},{"@type":"WebSite","@id":"https:\/\/b2bdesign.de\/#website","url":"https:\/\/b2bdesign.de\/","name":"b2b design Werbe- und Marketing Agentur","description":"","publisher":{"@id":"https:\/\/b2bdesign.de\/#organization"},"potentialAction":[{"@type":"SearchAction","target":{"@type":"EntryPoint","urlTemplate":"https:\/\/b2bdesign.de\/?s={search_term_string}"},"query-input":{"@type":"PropertyValueSpecification","valueRequired":true,"valueName":"search_term_string"}}],"inLanguage":"en-GB"},{"@type":"Organization","@id":"https:\/\/b2bdesign.de\/#organization","name":"b2b design e.K.","url":"https:\/\/b2bdesign.de\/","logo":{"@type":"ImageObject","inLanguage":"en-GB","@id":"https:\/\/b2bdesign.de\/#\/schema\/logo\/image\/","url":"https:\/\/b2bdesign.de\/wp-content\/uploads\/2023\/10\/b2b-design-logo-webseite-1.svg","contentUrl":"https:\/\/b2bdesign.de\/wp-content\/uploads\/2023\/10\/b2b-design-logo-webseite-1.svg","width":100,"height":350,"caption":"b2b design e.K."},"image":{"@id":"https:\/\/b2bdesign.de\/#\/schema\/logo\/image\/"},"sameAs":["https:\/\/www.linkedin.com\/company\/b2b-design","https:\/\/www.instagram.com\/b2bdesign2017\/","https:\/\/www.youtube.com\/channel\/UCOyMQ8GywgDAvFhodpaJk7Q"]}]}},"_links":{"self":[{"href":"https:\/\/b2bdesign.de\/en\/wp-json\/wp\/v2\/pages\/12184","targetHints":{"allow":["GET"]}}],"collection":[{"href":"https:\/\/b2bdesign.de\/en\/wp-json\/wp\/v2\/pages"}],"about":[{"href":"https:\/\/b2bdesign.de\/en\/wp-json\/wp\/v2\/types\/page"}],"author":[{"embeddable":true,"href":"https:\/\/b2bdesign.de\/en\/wp-json\/wp\/v2\/users\/3"}],"replies":[{"embeddable":true,"href":"https:\/\/b2bdesign.de\/en\/wp-json\/wp\/v2\/comments?post=12184"}],"version-history":[{"count":4,"href":"https:\/\/b2bdesign.de\/en\/wp-json\/wp\/v2\/pages\/12184\/revisions"}],"predecessor-version":[{"id":12201,"href":"https:\/\/b2bdesign.de\/en\/wp-json\/wp\/v2\/pages\/12184\/revisions\/12201"}],"wp:featuredmedia":[{"embeddable":true,"href":"https:\/\/b2bdesign.de\/en\/wp-json\/wp\/v2\/media\/174"}],"wp:attachment":[{"href":"https:\/\/b2bdesign.de\/en\/wp-json\/wp\/v2\/media?parent=12184"}],"curies":[{"name":"wp","href":"https:\/\/api.w.org\/{rel}","templated":true}]}}