{"id":11662,"date":"2024-12-05T14:45:59","date_gmt":"2024-12-05T14:45:59","guid":{"rendered":"https:\/\/b2bdesign.de\/?page_id=11662"},"modified":"2025-07-10T08:47:03","modified_gmt":"2025-07-10T08:47:03","slug":"clubdaten","status":"publish","type":"page","link":"https:\/\/b2bdesign.de\/en\/clubdaten\/","title":{"rendered":"Clubdaten"},"content":{"rendered":"\t\t<div data-elementor-type=\"wp-post\" data-elementor-id=\"11662\" class=\"elementor elementor-11662\" data-elementor-post-type=\"page\">\n\t\t\t\t<div class=\"elementor-element elementor-element-213f510 e-flex e-con-boxed wpr-particle-no wpr-jarallax-no wpr-parallax-no wpr-equal-height-no e-con e-parent\" data-id=\"213f510\" data-element_type=\"container\" data-e-type=\"container\">\n\t\t\t\t\t<div class=\"e-con-inner\">\n\t\t\t\t<div class=\"elementor-element elementor-element-13faf61 premium-nav-slide premium-hidden-icon-yes premium-disable-scroll-yes elementor-fixed elementor-widget-mobile__width-initial elementor-widget__width-initial elementor-hidden-widescreen elementor-hidden-desktop elementor-hidden-tablet_extra elementor-hidden-tablet elementor-hidden-mobile premium-slide-auto elementor-widget elementor-widget-global elementor-global-2040 elementor-widget-premium-nav-menu\" data-id=\"13faf61\" data-element_type=\"widget\" data-e-type=\"widget\" data-settings=\"{&quot;_position&quot;:&quot;fixed&quot;,&quot;submenu_icon&quot;:{&quot;value&quot;:&quot;fas fa-angle-down&quot;,&quot;library&quot;:&quot;fa-solid&quot;},&quot;submenu_item_icon&quot;:{&quot;value&quot;:&quot;&quot;,&quot;library&quot;:&quot;&quot;}}\" data-widget_type=\"premium-nav-menu.default\">\n\t\t\t\t<div class=\"elementor-widget-container\">\n\t\t\t\t\t\t\t<div data-settings=\"{&quot;breakpoint&quot;:0,&quot;mobileLayout&quot;:null,&quot;mainLayout&quot;:&quot;slide&quot;,&quot;stretchDropdown&quot;:false,&quot;hoverEffect&quot;:&quot;&quot;,&quot;submenuEvent&quot;:null,&quot;submenuTrigger&quot;:&quot;item&quot;,&quot;closeAfterClick&quot;:true,&quot;renderMobileMenu&quot;:true}\" class=\"premium-nav-widget-container premium-nav-pointer-none\" style=\"visibility:hidden; opacity:0;\">\n\t\t\t<div class=\"premium-ver-inner-container\">\n\t\t\t\t\t\t\t\t\t<div class=\"premium-hamburger-toggle premium-mobile-menu-icon\" role=\"button\" aria-label=\"Toggle Menu\">\n\t\t\t\t\t\t<span class=\"premium-toggle-text\">\n\t\t\t\t\t\t\t<i aria-hidden=\"true\" class=\"fas fa-bars\"><\/i>\t\t\t\t\t\t<\/span>\n\t\t\t\t\t\t<span class=\"premium-toggle-close\">\n\t\t\t\t\t\t\t<i aria-hidden=\"true\" class=\"fas fa-times\"><\/i>\t\t\t\t\t\t<\/span>\n\t\t\t\t\t<\/div>\n\t\t\t\t\t\t\t\t\t\t<div class=\"premium-nav-slide-overlay\"><\/div>\n\t\t\t\t\t<div class=\"premium-mobile-menu-outer-container\">\n\t\t\t\t\t\t<div class=\"premium-mobile-menu-close\" role=\"button\" aria-label=\"Close Menu\">\n\t\t\t\t\t\t\t<i aria-hidden=\"true\" class=\"fas fa-times\"><\/i>\t\t\t\t\t\t\t<span class=\"premium-toggle-close\"><\/span>\n\t\t\t\t\t\t<\/div>\n\t\t\t\t\t\t\t\t\t\t\t\t<div class=\"premium-mobile-menu-container\">\n\t\t\t\t\t\t\t\t\t\t\t\t\t\t\t<ul id=\"menu-hauptmenue-1\" class=\"premium-mobile-menu premium-main-mobile-menu premium-main-nav-menu\"><li id=\"premium-nav-menu-item-80321\" class=\"menu-item menu-item-type-post_type menu-item-object-page premium-nav-menu-item\"><a href=\"https:\/\/b2bdesign.de\/en\/leistungen\/\" class=\"premium-menu-link premium-menu-link-parent premium-lq__none\">Unsere Leistungen<\/a><\/li>\n<li id=\"premium-nav-menu-item-10142\" class=\"menu-item menu-item-type-post_type menu-item-object-page premium-nav-menu-item\"><a href=\"https:\/\/b2bdesign.de\/en\/about-us-alt\/\" class=\"premium-menu-link premium-menu-link-parent premium-lq__none\">Das ist b2b design<\/a><\/li>\n<li id=\"premium-nav-menu-item-18643\" class=\"menu-item menu-item-type-post_type menu-item-object-page premium-nav-menu-item\"><a href=\"https:\/\/b2bdesign.de\/en\/unsere-projekte\/\" class=\"premium-menu-link premium-menu-link-parent premium-lq__none\">Erfolgsgeschichten<\/a><\/li>\n<li id=\"premium-nav-menu-item-14594\" class=\"menu-item menu-item-type-post_type menu-item-object-page premium-nav-menu-item\"><a href=\"https:\/\/b2bdesign.de\/en\/kontakt\/\" class=\"premium-menu-link premium-menu-link-parent premium-lq__none\">\u270b Sag uns Hallo!<\/a><\/li>\n<\/ul>\t\t\t\t\t\t\t\t\t\t\t\t\t\t<\/div>\n\t\t\t\t\t\t<\/div>\t\t\t\t<\/div>\n\t\t\t<\/div>\n\t\t\t\t\t\t\t<\/div>\n\t\t\t\t<\/div>\n\t\t\t\t\t<\/div>\n\t\t\t\t<\/div>\n\t\t<div class=\"elementor-element elementor-element-8fc1fbb e-flex e-con-boxed wpr-jarallax-no wpr-parallax-no wpr-equal-height-no e-con e-parent\" data-id=\"8fc1fbb\" data-element_type=\"container\" data-e-type=\"container\" data-settings=\"{&quot;background_background&quot;:&quot;classic&quot;,&quot;animation&quot;:&quot;none&quot;,&quot;background_motion_fx_motion_fx_scrolling&quot;:&quot;yes&quot;,&quot;background_motion_fx_translateY_effect&quot;:&quot;yes&quot;,&quot;background_motion_fx_translateY_speed&quot;:{&quot;unit&quot;:&quot;px&quot;,&quot;size&quot;:6.4000000000000004,&quot;sizes&quot;:[]},&quot;background_motion_fx_translateY_affectedRange&quot;:{&quot;unit&quot;:&quot;%&quot;,&quot;size&quot;:&quot;&quot;,&quot;sizes&quot;:{&quot;start&quot;:8,&quot;end&quot;:100}},&quot;background_motion_fx_devices&quot;:[&quot;widescreen&quot;,&quot;desktop&quot;,&quot;tablet_extra&quot;,&quot;tablet&quot;,&quot;mobile&quot;]}\">\n\t\t\t\t\t<div class=\"e-con-inner\">\n\t\t\t\t<div class=\"elementor-element elementor-element-3b6c5b5 elementor-widget elementor-widget-qi_addons_for_elementor_typeout_text\" data-id=\"3b6c5b5\" data-element_type=\"widget\" data-e-type=\"widget\" data-widget_type=\"qi_addons_for_elementor_typeout_text.default\">\n\t\t\t\t<div class=\"elementor-widget-container\">\n\t\t\t\t\t<div class=\"qodef-shortcode qodef-m qodef-qi-typeout-text\" data-strings=\"[&quot;Abfrage&quot;,&quot;Clubdaten&quot;]\" data-cursor=\"|\">\n\t<h2 class=\"qodef-m-text\">\n\t\t\t\t<span class=\"qodef-typeout-holder\">\n\t\t\t<span class=\"qodef-typeout\"><\/span>\n\t\t<\/span>\n\t<\/h2>\n<\/div>\n\t\t\t\t<\/div>\n\t\t\t\t<\/div>\n\t\t\t\t\t<\/div>\n\t\t\t\t<\/div>\n\t\t<div class=\"elementor-element elementor-element-a48e1ac e-con-full e-flex wpr-particle-no wpr-jarallax-no wpr-parallax-no wpr-equal-height-no e-con e-parent\" data-id=\"a48e1ac\" data-element_type=\"container\" data-e-type=\"container\">\n\t\t<div class=\"elementor-element elementor-element-d2b8dbe e-flex e-con-boxed wpr-particle-no wpr-jarallax-no wpr-parallax-no wpr-equal-height-no e-con e-child\" data-id=\"d2b8dbe\" data-element_type=\"container\" data-e-type=\"container\">\n\t\t\t\t\t<div class=\"e-con-inner\">\n\t\t\t\t<div class=\"elementor-element elementor-element-4f3602f elementor-widget elementor-widget-global elementor-global-2367 elementor-widget-breadcrumbs\" data-id=\"4f3602f\" data-element_type=\"widget\" data-e-type=\"widget\" data-widget_type=\"breadcrumbs.default\">\n\t\t\t\t<div class=\"elementor-widget-container\">\n\t\t\t\t\t<p id=\"breadcrumbs\"><span><span><a href=\"https:\/\/b2bdesign.de\/\">Startseite<\/a><\/span><\/span><\/p>\t\t\t\t<\/div>\n\t\t\t\t<\/div>\n\t\t\t\t<div class=\"elementor-element elementor-element-ca38e1e elementor-widget elementor-widget-spacer\" data-id=\"ca38e1e\" data-element_type=\"widget\" data-e-type=\"widget\" data-widget_type=\"spacer.default\">\n\t\t\t\t<div class=\"elementor-widget-container\">\n\t\t\t\t\t\t\t<div class=\"elementor-spacer\">\n\t\t\t<div class=\"elementor-spacer-inner\"><\/div>\n\t\t<\/div>\n\t\t\t\t\t\t<\/div>\n\t\t\t\t<\/div>\n\t\t\t\t\t<\/div>\n\t\t\t\t<\/div>\n\t\t\t\t<\/div>\n\t\t<div class=\"elementor-element elementor-element-420771e e-flex e-con-boxed wpr-particle-no wpr-jarallax-no wpr-parallax-no wpr-equal-height-no e-con e-parent\" data-id=\"420771e\" data-element_type=\"container\" data-e-type=\"container\">\n\t\t\t\t\t<div class=\"e-con-inner\">\n\t\t<div class=\"elementor-element elementor-element-c466f0f e-con-full e-flex wpr-particle-no wpr-jarallax-no wpr-parallax-no wpr-equal-height-no e-con e-child\" data-id=\"c466f0f\" data-element_type=\"container\" data-e-type=\"container\">\n\t\t\t\t<div class=\"elementor-element elementor-element-ffcaf0c elementor-widget__width-initial elementor-widget elementor-widget-heading\" data-id=\"ffcaf0c\" data-element_type=\"widget\" data-e-type=\"widget\" data-widget_type=\"heading.default\">\n\t\t\t\t<div class=\"elementor-widget-container\">\n\t\t\t\t\t<h1 class=\"elementor-heading-title elementor-size-default\">Clubdaten \nder Mitgliedsvereine  \/ Club Data<\/h1>\t\t\t\t<\/div>\n\t\t\t\t<\/div>\n\t\t\t\t<div class=\"elementor-element elementor-element-9e84d78 elementor-widget__width-inherit elementor-widget elementor-widget-text-editor\" data-id=\"9e84d78\" data-element_type=\"widget\" data-e-type=\"widget\" data-widget_type=\"text-editor.default\">\n\t\t\t\t<div class=\"elementor-widget-container\">\n\t\t\t\t\t\t\t\t\t<div>b2b design ist autorisiert f\u00fcr die EAASDC die Daten der Umfrage auf dem lokalen Server zu speichern. Zugriff haben ausschlie\u00dflich die Vorsitzende Claudia Kloid und der Gesch\u00e4ftsf\u00fchrer. Fragen richtet bitte an Claudia Kloid oder an Ulli Hantke.\u00a0<\/div><div>\u00a0<\/div><div>Das Portal ist t\u00e4glich von 7 bis 22 Uhr online. Es kann eventuell zu l\u00e4ngeren Ladezeiten kommen.<\/div><div>\u00a0<\/div><div>Hier k\u00f6nnt ihr eure Clubdaten hochladen.<\/div><div>\u00a0<\/div><div>PW: WirLiebenDesign<\/div><div>\u00a0<\/div><div>__________________<\/div><div><p data-start=\"56\" data-end=\"321\">The member clubs<br data-start=\"88\" data-end=\"91\" \/>b2b design is authorized by EAASDC to store the survey data on the local server. Access is restricted to Chairwoman Claudia Kloid and the Managing Director.<br data-start=\"247\" data-end=\"250\" \/>If you have any questions, please contact Claudia Kloid or Ulli Hantke.<\/p><p data-start=\"323\" data-end=\"431\">The portal is online daily from 7 a.m. to 10 p.m. Please note that loading times may occasionally be longer.<\/p><p data-start=\"433\" data-end=\"468\">Here you can upload your club data.<\/p><p data-start=\"470\" data-end=\"496\"><strong data-start=\"470\" data-end=\"483\">Password:<\/strong> WeLoveDesign<\/p><\/div>\t\t\t\t\t\t\t\t<\/div>\n\t\t\t\t<\/div>\n\t\t\t\t<div class=\"elementor-element elementor-element-de045f8 elementor-widget elementor-widget-button\" data-id=\"de045f8\" data-element_type=\"widget\" data-e-type=\"widget\" data-widget_type=\"button.default\">\n\t\t\t\t<div class=\"elementor-widget-container\">\n\t\t\t\t\t\t\t\t\t<div class=\"elementor-button-wrapper\">\n\t\t\t\t\t<a class=\"elementor-button elementor-button-link elementor-size-sm\" href=\"http:\/\/b2bdesign.quickconnect.to\/sharing\/ufQ4RWEs5\" target=\"_blank\">\n\t\t\t\t\t\t<span class=\"elementor-button-content-wrapper\">\n\t\t\t\t\t\t\t\t\t<span class=\"elementor-button-text\">Upload<\/span>\n\t\t\t\t\t<\/span>\n\t\t\t\t\t<\/a>\n\t\t\t\t<\/div>\n\t\t\t\t\t\t\t\t<\/div>\n\t\t\t\t<\/div>\n\t\t\t\t<\/div>\n\t\t<div class=\"elementor-element elementor-element-76de338 e-con-full e-flex wpr-particle-no wpr-jarallax-no wpr-parallax-no wpr-equal-height-no e-con e-child\" data-id=\"76de338\" data-element_type=\"container\" data-e-type=\"container\">\n\t\t\t\t<div class=\"elementor-element elementor-element-91babdb elementor-widget elementor-widget-image\" data-id=\"91babdb\" data-element_type=\"widget\" data-e-type=\"widget\" data-widget_type=\"image.default\">\n\t\t\t\t<div class=\"elementor-widget-container\">\n\t\t\t\t\t\t\t\t\t\t\t\t\t\t\t<img fetchpriority=\"high\" decoding=\"async\" width=\"749\" height=\"1024\" src=\"https:\/\/b2bdesign.de\/wp-content\/uploads\/2025\/01\/termine-ulli-749x1024.jpg\" class=\"attachment-large size-large wp-image-11810\" alt=\"\" srcset=\"https:\/\/b2bdesign.de\/wp-content\/uploads\/2025\/01\/termine-ulli-749x1024.jpg 749w, https:\/\/b2bdesign.de\/wp-content\/uploads\/2025\/01\/termine-ulli-219x300.jpg 219w, https:\/\/b2bdesign.de\/wp-content\/uploads\/2025\/01\/termine-ulli-768x1050.jpg 768w, https:\/\/b2bdesign.de\/wp-content\/uploads\/2025\/01\/termine-ulli-1123x1536.jpg 1123w, https:\/\/b2bdesign.de\/wp-content\/uploads\/2025\/01\/termine-ulli-1498x2048.jpg 1498w, https:\/\/b2bdesign.de\/wp-content\/uploads\/2025\/01\/termine-ulli-9x12.jpg 9w, https:\/\/b2bdesign.de\/wp-content\/uploads\/2025\/01\/termine-ulli-scaled.jpg 1872w\" sizes=\"(max-width: 749px) 100vw, 749px\" \/>\t\t\t\t\t\t\t\t\t\t\t\t\t\t\t<\/div>\n\t\t\t\t<\/div>\n\t\t\t\t<\/div>\n\t\t\t\t\t<\/div>\n\t\t\t\t<\/div>\n\t\t<div class=\"elementor-element elementor-element-28895aa e-flex e-con-boxed wpr-particle-no wpr-jarallax-no wpr-parallax-no wpr-equal-height-no e-con e-parent\" data-id=\"28895aa\" data-element_type=\"container\" data-e-type=\"container\">\n\t\t\t\t\t<div class=\"e-con-inner\">\n\t\t\t\t<div class=\"elementor-element elementor-element-5c5438e elementor-widget elementor-widget-spacer\" data-id=\"5c5438e\" data-element_type=\"widget\" data-e-type=\"widget\" data-widget_type=\"spacer.default\">\n\t\t\t\t<div class=\"elementor-widget-container\">\n\t\t\t\t\t\t\t<div class=\"elementor-spacer\">\n\t\t\t<div class=\"elementor-spacer-inner\"><\/div>\n\t\t<\/div>\n\t\t\t\t\t\t<\/div>\n\t\t\t\t<\/div>\n\t\t\t\t\t<\/div>\n\t\t\t\t<\/div>\n\t\t\t\t<\/div>\n\t\t","protected":false},"excerpt":{"rendered":"<p>Unsere Leistungen Das ist b2b design Erfolgsgeschichten \u270b Sag uns Hallo! Clubdaten der Mitgliedsvereine \/ Club Data b2b design ist autorisiert f\u00fcr die EAASDC die Daten der Umfrage auf dem lokalen Server zu speichern. Zugriff haben ausschlie\u00dflich die Vorsitzende Claudia Kloid und der Gesch\u00e4ftsf\u00fchrer. Fragen richtet bitte an Claudia Kloid oder an Ulli Hantke.\u00a0\u00a0Das Portal ist t\u00e4glich von 7 bis 22 Uhr online. Es kann eventuell zu l\u00e4ngeren Ladezeiten kommen.\u00a0Hier k\u00f6nnt ihr eure Clubdaten hochladen.\u00a0PW: WirLiebenDesign\u00a0__________________ The member clubsb2b design is authorized by EAASDC to store the survey data on the local server. Access is restricted to Chairwoman Claudia Kloid and the Managing Director.If you have any questions, please contact Claudia Kloid or Ulli Hantke. The portal is online daily from 7 a.m. to 10 p.m. Please note that loading times may occasionally be longer. Here you can upload your club data. Password: WeLoveDesign Upload<\/p>","protected":false},"author":3,"featured_media":0,"parent":0,"menu_order":0,"comment_status":"closed","ping_status":"closed","template":"","meta":{"content-type":"","footnotes":""},"class_list":["post-11662","page","type-page","status-publish","hentry"],"yoast_head":"<!-- This site is optimized with the Yoast SEO plugin v27.4 - https:\/\/yoast.com\/product\/yoast-seo-wordpress\/ -->\n<title>Clubdaten - b2b design Werbe- und Marketing Agentur<\/title>\n<meta name=\"robots\" content=\"index, follow, max-snippet:-1, max-image-preview:large, max-video-preview:-1\" \/>\n<link rel=\"canonical\" href=\"https:\/\/b2bdesign.de\/en\/clubdaten\/\" \/>\n<meta property=\"og:locale\" content=\"en_GB\" \/>\n<meta property=\"og:type\" content=\"article\" \/>\n<meta property=\"og:title\" content=\"Clubdaten - b2b design Werbe- und Marketing Agentur\" \/>\n<meta property=\"og:description\" content=\"Unsere Leistungen Das ist b2b design Erfolgsgeschichten \u270b Sag uns Hallo! Clubdaten der Mitgliedsvereine \/ Club Data b2b design ist autorisiert f\u00fcr die EAASDC die Daten der Umfrage auf dem lokalen Server zu speichern. Zugriff haben ausschlie\u00dflich die Vorsitzende Claudia Kloid und der Gesch\u00e4ftsf\u00fchrer. Fragen richtet bitte an Claudia Kloid oder an Ulli Hantke.\u00a0\u00a0Das Portal ist t\u00e4glich von 7 bis 22 Uhr online. Es kann eventuell zu l\u00e4ngeren Ladezeiten kommen.\u00a0Hier k\u00f6nnt ihr eure Clubdaten hochladen.\u00a0PW: WirLiebenDesign\u00a0__________________ The member clubsb2b design is authorized by EAASDC to store the survey data on the local server. Access is restricted to Chairwoman Claudia Kloid and the Managing Director.If you have any questions, please contact Claudia Kloid or Ulli Hantke. The portal is online daily from 7 a.m. to 10 p.m. Please note that loading times may occasionally be longer. Here you can upload your club data. Password: WeLoveDesign Upload\" \/>\n<meta property=\"og:url\" content=\"https:\/\/b2bdesign.de\/en\/clubdaten\/\" \/>\n<meta property=\"og:site_name\" content=\"b2b design Werbe- und Marketing Agentur\" \/>\n<meta property=\"article:modified_time\" content=\"2025-07-10T08:47:03+00:00\" \/>\n<meta property=\"og:image\" content=\"https:\/\/b2bdesign.de\/wp-content\/uploads\/2025\/01\/termine-ulli-scaled.jpg\" \/>\n\t<meta property=\"og:image:width\" content=\"1872\" \/>\n\t<meta property=\"og:image:height\" content=\"2560\" \/>\n\t<meta property=\"og:image:type\" content=\"image\/jpeg\" \/>\n<meta name=\"twitter:card\" content=\"summary_large_image\" \/>\n<meta name=\"twitter:label1\" content=\"Estimated reading time\" \/>\n\t<meta name=\"twitter:data1\" content=\"2 minutes\" \/>\n<script type=\"application\/ld+json\" class=\"yoast-schema-graph\">{\"@context\":\"https:\\\/\\\/schema.org\",\"@graph\":[{\"@type\":\"WebPage\",\"@id\":\"https:\\\/\\\/b2bdesign.de\\\/clubdaten\\\/\",\"url\":\"https:\\\/\\\/b2bdesign.de\\\/clubdaten\\\/\",\"name\":\"Clubdaten - b2b design Werbe- und Marketing Agentur\",\"isPartOf\":{\"@id\":\"https:\\\/\\\/b2bdesign.de\\\/#website\"},\"primaryImageOfPage\":{\"@id\":\"https:\\\/\\\/b2bdesign.de\\\/clubdaten\\\/#primaryimage\"},\"image\":{\"@id\":\"https:\\\/\\\/b2bdesign.de\\\/clubdaten\\\/#primaryimage\"},\"thumbnailUrl\":\"https:\\\/\\\/b2bdesign.de\\\/wp-content\\\/uploads\\\/2025\\\/01\\\/termine-ulli-749x1024.jpg\",\"datePublished\":\"2024-12-05T14:45:59+00:00\",\"dateModified\":\"2025-07-10T08:47:03+00:00\",\"breadcrumb\":{\"@id\":\"https:\\\/\\\/b2bdesign.de\\\/clubdaten\\\/#breadcrumb\"},\"inLanguage\":\"en-GB\",\"potentialAction\":[{\"@type\":\"ReadAction\",\"target\":[\"https:\\\/\\\/b2bdesign.de\\\/clubdaten\\\/\"]}]},{\"@type\":\"ImageObject\",\"inLanguage\":\"en-GB\",\"@id\":\"https:\\\/\\\/b2bdesign.de\\\/clubdaten\\\/#primaryimage\",\"url\":\"https:\\\/\\\/b2bdesign.de\\\/wp-content\\\/uploads\\\/2025\\\/01\\\/termine-ulli-749x1024.jpg\",\"contentUrl\":\"https:\\\/\\\/b2bdesign.de\\\/wp-content\\\/uploads\\\/2025\\\/01\\\/termine-ulli-749x1024.jpg\"},{\"@type\":\"BreadcrumbList\",\"@id\":\"https:\\\/\\\/b2bdesign.de\\\/clubdaten\\\/#breadcrumb\",\"itemListElement\":[{\"@type\":\"ListItem\",\"position\":1,\"name\":\"Startseite\",\"item\":\"https:\\\/\\\/b2bdesign.de\\\/\"},{\"@type\":\"ListItem\",\"position\":2,\"name\":\"Clubdaten\"}]},{\"@type\":\"WebSite\",\"@id\":\"https:\\\/\\\/b2bdesign.de\\\/#website\",\"url\":\"https:\\\/\\\/b2bdesign.de\\\/\",\"name\":\"b2b design Werbe- und Marketing Agentur\",\"description\":\"\",\"publisher\":{\"@id\":\"https:\\\/\\\/b2bdesign.de\\\/#organization\"},\"potentialAction\":[{\"@type\":\"SearchAction\",\"target\":{\"@type\":\"EntryPoint\",\"urlTemplate\":\"https:\\\/\\\/b2bdesign.de\\\/?s={search_term_string}\"},\"query-input\":{\"@type\":\"PropertyValueSpecification\",\"valueRequired\":true,\"valueName\":\"search_term_string\"}}],\"inLanguage\":\"en-GB\"},{\"@type\":\"Organization\",\"@id\":\"https:\\\/\\\/b2bdesign.de\\\/#organization\",\"name\":\"b2b design e.K.\",\"url\":\"https:\\\/\\\/b2bdesign.de\\\/\",\"logo\":{\"@type\":\"ImageObject\",\"inLanguage\":\"en-GB\",\"@id\":\"https:\\\/\\\/b2bdesign.de\\\/#\\\/schema\\\/logo\\\/image\\\/\",\"url\":\"https:\\\/\\\/b2bdesign.de\\\/wp-content\\\/uploads\\\/2023\\\/10\\\/b2b-design-logo-webseite-1.svg\",\"contentUrl\":\"https:\\\/\\\/b2bdesign.de\\\/wp-content\\\/uploads\\\/2023\\\/10\\\/b2b-design-logo-webseite-1.svg\",\"width\":100,\"height\":350,\"caption\":\"b2b design e.K.\"},\"image\":{\"@id\":\"https:\\\/\\\/b2bdesign.de\\\/#\\\/schema\\\/logo\\\/image\\\/\"},\"sameAs\":[\"https:\\\/\\\/www.linkedin.com\\\/company\\\/b2b-design\",\"https:\\\/\\\/www.instagram.com\\\/b2bdesign2017\\\/\",\"https:\\\/\\\/www.youtube.com\\\/channel\\\/UCOyMQ8GywgDAvFhodpaJk7Q\"]}]}<\/script>\n<!-- \/ Yoast SEO plugin. -->","yoast_head_json":{"title":"Clubdaten - b2b design Werbe- und Marketing Agentur","robots":{"index":"index","follow":"follow","max-snippet":"max-snippet:-1","max-image-preview":"max-image-preview:large","max-video-preview":"max-video-preview:-1"},"canonical":"https:\/\/b2bdesign.de\/en\/clubdaten\/","og_locale":"en_GB","og_type":"article","og_title":"Clubdaten - b2b design Werbe- und Marketing Agentur","og_description":"Unsere Leistungen Das ist b2b design Erfolgsgeschichten \u270b Sag uns Hallo! Clubdaten der Mitgliedsvereine \/ Club Data b2b design ist autorisiert f\u00fcr die EAASDC die Daten der Umfrage auf dem lokalen Server zu speichern. Zugriff haben ausschlie\u00dflich die Vorsitzende Claudia Kloid und der Gesch\u00e4ftsf\u00fchrer. Fragen richtet bitte an Claudia Kloid oder an Ulli Hantke.\u00a0\u00a0Das Portal ist t\u00e4glich von 7 bis 22 Uhr online. Es kann eventuell zu l\u00e4ngeren Ladezeiten kommen.\u00a0Hier k\u00f6nnt ihr eure Clubdaten hochladen.\u00a0PW: WirLiebenDesign\u00a0__________________ The member clubsb2b design is authorized by EAASDC to store the survey data on the local server. Access is restricted to Chairwoman Claudia Kloid and the Managing Director.If you have any questions, please contact Claudia Kloid or Ulli Hantke. The portal is online daily from 7 a.m. to 10 p.m. Please note that loading times may occasionally be longer. Here you can upload your club data. Password: WeLoveDesign Upload","og_url":"https:\/\/b2bdesign.de\/en\/clubdaten\/","og_site_name":"b2b design Werbe- und Marketing Agentur","article_modified_time":"2025-07-10T08:47:03+00:00","og_image":[{"width":1872,"height":2560,"url":"https:\/\/b2bdesign.de\/wp-content\/uploads\/2025\/01\/termine-ulli-scaled.jpg","type":"image\/jpeg"}],"twitter_card":"summary_large_image","twitter_misc":{"Estimated reading time":"2 minutes"},"schema":{"@context":"https:\/\/schema.org","@graph":[{"@type":"WebPage","@id":"https:\/\/b2bdesign.de\/clubdaten\/","url":"https:\/\/b2bdesign.de\/clubdaten\/","name":"Clubdaten - b2b design Werbe- und Marketing Agentur","isPartOf":{"@id":"https:\/\/b2bdesign.de\/#website"},"primaryImageOfPage":{"@id":"https:\/\/b2bdesign.de\/clubdaten\/#primaryimage"},"image":{"@id":"https:\/\/b2bdesign.de\/clubdaten\/#primaryimage"},"thumbnailUrl":"https:\/\/b2bdesign.de\/wp-content\/uploads\/2025\/01\/termine-ulli-749x1024.jpg","datePublished":"2024-12-05T14:45:59+00:00","dateModified":"2025-07-10T08:47:03+00:00","breadcrumb":{"@id":"https:\/\/b2bdesign.de\/clubdaten\/#breadcrumb"},"inLanguage":"en-GB","potentialAction":[{"@type":"ReadAction","target":["https:\/\/b2bdesign.de\/clubdaten\/"]}]},{"@type":"ImageObject","inLanguage":"en-GB","@id":"https:\/\/b2bdesign.de\/clubdaten\/#primaryimage","url":"https:\/\/b2bdesign.de\/wp-content\/uploads\/2025\/01\/termine-ulli-749x1024.jpg","contentUrl":"https:\/\/b2bdesign.de\/wp-content\/uploads\/2025\/01\/termine-ulli-749x1024.jpg"},{"@type":"BreadcrumbList","@id":"https:\/\/b2bdesign.de\/clubdaten\/#breadcrumb","itemListElement":[{"@type":"ListItem","position":1,"name":"Startseite","item":"https:\/\/b2bdesign.de\/"},{"@type":"ListItem","position":2,"name":"Clubdaten"}]},{"@type":"WebSite","@id":"https:\/\/b2bdesign.de\/#website","url":"https:\/\/b2bdesign.de\/","name":"b2b design Werbe- und Marketing Agentur","description":"","publisher":{"@id":"https:\/\/b2bdesign.de\/#organization"},"potentialAction":[{"@type":"SearchAction","target":{"@type":"EntryPoint","urlTemplate":"https:\/\/b2bdesign.de\/?s={search_term_string}"},"query-input":{"@type":"PropertyValueSpecification","valueRequired":true,"valueName":"search_term_string"}}],"inLanguage":"en-GB"},{"@type":"Organization","@id":"https:\/\/b2bdesign.de\/#organization","name":"b2b design e.K.","url":"https:\/\/b2bdesign.de\/","logo":{"@type":"ImageObject","inLanguage":"en-GB","@id":"https:\/\/b2bdesign.de\/#\/schema\/logo\/image\/","url":"https:\/\/b2bdesign.de\/wp-content\/uploads\/2023\/10\/b2b-design-logo-webseite-1.svg","contentUrl":"https:\/\/b2bdesign.de\/wp-content\/uploads\/2023\/10\/b2b-design-logo-webseite-1.svg","width":100,"height":350,"caption":"b2b design e.K."},"image":{"@id":"https:\/\/b2bdesign.de\/#\/schema\/logo\/image\/"},"sameAs":["https:\/\/www.linkedin.com\/company\/b2b-design","https:\/\/www.instagram.com\/b2bdesign2017\/","https:\/\/www.youtube.com\/channel\/UCOyMQ8GywgDAvFhodpaJk7Q"]}]}},"_links":{"self":[{"href":"https:\/\/b2bdesign.de\/en\/wp-json\/wp\/v2\/pages\/11662","targetHints":{"allow":["GET"]}}],"collection":[{"href":"https:\/\/b2bdesign.de\/en\/wp-json\/wp\/v2\/pages"}],"about":[{"href":"https:\/\/b2bdesign.de\/en\/wp-json\/wp\/v2\/types\/page"}],"author":[{"embeddable":true,"href":"https:\/\/b2bdesign.de\/en\/wp-json\/wp\/v2\/users\/3"}],"replies":[{"embeddable":true,"href":"https:\/\/b2bdesign.de\/en\/wp-json\/wp\/v2\/comments?post=11662"}],"version-history":[{"count":37,"href":"https:\/\/b2bdesign.de\/en\/wp-json\/wp\/v2\/pages\/11662\/revisions"}],"predecessor-version":[{"id":13269,"href":"https:\/\/b2bdesign.de\/en\/wp-json\/wp\/v2\/pages\/11662\/revisions\/13269"}],"wp:attachment":[{"href":"https:\/\/b2bdesign.de\/en\/wp-json\/wp\/v2\/media?parent=11662"}],"curies":[{"name":"wp","href":"https:\/\/api.w.org\/{rel}","templated":true}]}}